{"id":842,"date":"2019-03-01T03:53:48","date_gmt":"2019-03-01T03:53:48","guid":{"rendered":"http:\/\/www.suitelanka.com\/de\/?page_id=842"},"modified":"2024-12-09T04:17:28","modified_gmt":"2024-12-09T04:17:28","slug":"olins-restaurant","status":"publish","type":"page","link":"https:\/\/www.suitelanka.com\/de\/olins-restaurant\/","title":{"rendered":"Olin&#8217;s Restaurant"},"content":{"rendered":"<div id=\"pl-842\"  class=\"panel-layout\" ><div id=\"pg-842-0\"  class=\"panel-grid panel-no-style\" ><div id=\"pgc-842-0-0\"  class=\"panel-grid-cell\" ><div id=\"panel-842-0-0-0\" class=\"so-panel widget widget_sow-editor panel-first-child\" data-index=\"0\" ><div\n\t\t\t\n\t\t\tclass=\"so-widget-sow-editor so-widget-sow-editor-base\"\n\t\t\t\n\t\t>\n<div class=\"siteorigin-widget-tinymce textwidget\">\n\t\n\t\t\t<!-- START Olins Restaurant REVOLUTION SLIDER 6.7.18 --><p class=\"rs-p-wp-fix\"><\/p>\n\t\t\t<rs-module-wrap id=\"rev_slider_5_2_wrapper\" data-source=\"gallery\" style=\"visibility:hidden;background:transparent;padding:0;margin:0px auto;margin-top:0;margin-bottom:0;\">\n\t\t\t\t<rs-module id=\"rev_slider_5_2\" style=\"\" data-version=\"6.7.18\">\n\t\t\t\t\t<rs-slides style=\"overflow: hidden; position: absolute;\">\n\t\t\t\t\t\t<rs-slide style=\"position: absolute;\" data-key=\"rs-16\" data-title=\"Slide\" data-anim=\"adpr:false;\">\n\t\t\t\t\t\t\t<img decoding=\"async\" data-recalc-dims=\"1\" src=\"https:\/\/i0.wp.com\/www.suitelanka.com\/de\/wp-content\/plugins\/revslider\/sr6\/assets\/assets\/dummy.png?w=1140\" alt=\"\" title=\"Olin&#8217;s Restaurant\" class=\"rev-slidebg tp-rs-img rs-lazyload\" data-lazyload=\"\/\/i0.wp.com\/www.suitelanka.com\/de\/wp-content\/uploads\/2024\/01\/restaurant-main-header-2024-new.jpg?fit=1921%2C851&amp;ssl=1\" data-no-retina>\n<!---->\t\t\t\t\t<\/rs-slide>\n\t\t\t\t\t<\/rs-slides>\n\t\t\t\t<\/rs-module>\n\t\t\t\t<script>\n\t\t\t\t\tsetREVStartSize({c: 'rev_slider_5_2',rl:[1240,1024,778,480],el:[],gw:[1680],gh:[600],type:'standard',justify:'',layout:'fullwidth',mh:\"0\"});if (window.RS_MODULES!==undefined && window.RS_MODULES.modules!==undefined && window.RS_MODULES.modules[\"revslider52\"]!==undefined) {window.RS_MODULES.modules[\"revslider52\"].once = false;window.revapi5_2 = undefined;if (window.RS_MODULES.checkMinimal!==undefined) window.RS_MODULES.checkMinimal()}\n\t\t\t\t<\/script>\n\t\t\t<\/rs-module-wrap>\n\t\t\t<!-- END REVOLUTION SLIDER -->\n\n<\/div>\n<\/div><\/div><div id=\"panel-842-0-0-1\" class=\"so-panel widget widget_sow-editor panel-last-child\" data-index=\"1\" ><div class=\"panel-widget-style panel-widget-style-for-842-0-0-1\" ><div\n\t\t\t\n\t\t\tclass=\"so-widget-sow-editor so-widget-sow-editor-base\"\n\t\t\t\n\t\t>\n<div class=\"siteorigin-widget-tinymce textwidget\">\n\t<div id=\"pageheader\" class=\"titleclass\">\n<div class=\"page-header\">\n<h1 class=\"entry-title\">Olin\u2019s Restaurant<\/h1>\n<\/div>\n<\/div>\n<p>Olin's ist unser kleines Feinschmeckerrestaurant am Meer in Suite Lanka. Essen und trinken Sie zum Klang der Wellen an einem ruhigen Abschnitt des Narigama Beach. Alternativ bieten wir auch Roshan's Pavilion Bar Caf\u00e9 an, das rund 1500 gro\u00dfartige Musiktitel aus allen Epochen in einem geselligen Ambiente bietet. W\u00e4hrend der Happy Hour (17:30 bis 18:30 Uhr) drehen wir die Lautst\u00e4rke f\u00fcr temporeichere Lieder ein wenig auf, bevor wir jeden Abend die Stimmung mit Jazz, Blues und soulvollen Melodien beruhigen. Die Abende bei Roshan's sind zunehmend die Heimat des klassischen Jazz in Hikkaduwa.<\/p>\n<p>Unsere beiden K\u00f6che, Janaka und Thushan, verf\u00fcgen \u00fcber ausgezeichnete Erfahrung in der Zubereitung k\u00f6stlicher internationaler K\u00fcche, und unsere hochgesch\u00e4tzte Speisekarte umfasst auch Kinder- und vegetarische Optionen, die Sie unter den folgenden Links finden k\u00f6nnen.<\/p>\n<p><strong>Reservierungen<\/strong> werden empfohlen. F\u00fcr beste Zufriedenheit rufen Sie Suite Lanka unter <a style=\"color: #0e93b0!important;\" href=\"tel:+940912277136\">+94 (0) 91 227 7136<\/a> an oder kontaktieren Sie uns per Mobil- oder WhatsApp-Anruf unter den folgenden Nummern: Kumarasiri <a style=\"color: #0e93b0!important;\" href=\"tel:+940711394897\">(+94) (0) 71 139 4897<\/a> oder Roshan <a style=\"color: #0e93b0!important;\" href=\"tel:+940773981295\">(+94) (0) 77 398 1295<\/a>.<\/p>\n<p>&nbsp;<\/p>\n<h2 style=\"font-size: 28px;\">Unsere Men\u00fcs<\/h2>\n<p><a style=\"color: #0e93b0!important;\" href=\"https:\/\/www.suitelanka.com\/de\/wp-content\/uploads\/2024\/06\/main-menu-june-2024.pdf\"><u>Hauptmen\u00fc herunterladen (English)<\/u><\/a><\/p>\n<p><a style=\"color: #0e93b0!important;\"><u>Fr\u00fchst\u00fcckskarte herunterladen (English)<\/u><\/a><\/p>\n<p><a style=\"color: #0e93b0!important;\" href=\"https:\/\/www.suitelanka.com\/de\/wp-content\/uploads\/2024\/06\/drinks-menu-june-2024.pdf\"><u>Getr\u00e4nkekarte herunterladen (English)<\/u><\/a><\/p>\n<\/div>\n<\/div><\/div><\/div><\/div><\/div><\/div>","protected":false},"excerpt":{"rendered":"<p>Olin\u2019s Restaurant Olin&#8217;s ist unser kleines Feinschmeckerrestaurant am Meer in Suite Lanka. Essen und trinken Sie zum Klang der Wellen an einem ruhigen Abschnitt des Narigama Beach. Alternativ bieten wir auch Roshan&#8217;s Pavilion Bar Caf\u00e9 an, das rund 1500 gro\u00dfartige &hellip; <a class=\"kt-excerpt-readmore\" href=\"https:\/\/www.suitelanka.com\/de\/olins-restaurant\/\" aria-label=\"Olin&#8217;s Restaurant\">Weiterlesen<\/a><\/p>\n","protected":false},"author":1,"featured_media":0,"parent":0,"menu_order":0,"comment_status":"closed","ping_status":"closed","template":"..\/public\/views\/revslider-page-template.php","meta":{"nf_dc_page":"","footnotes":""},"class_list":["post-842","page","type-page","status-publish","hentry"],"yoast_head":"<!-- This site is optimized with the Yoast SEO plugin v27.4 - https:\/\/yoast.com\/product\/yoast-seo-wordpress\/ -->\n<title>Olin&#039;s Restaurant - Suite Lanka<\/title>\n<meta name=\"robots\" content=\"index, follow, max-snippet:-1, max-image-preview:large, max-video-preview:-1\" \/>\n<link rel=\"canonical\" href=\"https:\/\/www.suitelanka.com\/de\/staging\/8568\/olins-restaurant\/\" \/>\n<meta property=\"og:locale\" content=\"de_DE\" \/>\n<meta property=\"og:type\" content=\"article\" \/>\n<meta property=\"og:title\" content=\"Olin&#039;s Restaurant - Suite Lanka\" \/>\n<meta property=\"og:description\" content=\"Olin\u2019s Restaurant Olin&#039;s ist unser kleines Feinschmeckerrestaurant am Meer in Suite Lanka. Essen und trinken Sie zum Klang der Wellen an einem ruhigen Abschnitt des Narigama Beach. Alternativ bieten wir auch Roshan&#039;s Pavilion Bar Caf\u00e9 an, das rund 1500 gro\u00dfartige &hellip; Weiterlesen\" \/>\n<meta property=\"og:url\" content=\"https:\/\/www.suitelanka.com\/de\/staging\/8568\/olins-restaurant\/\" \/>\n<meta property=\"og:site_name\" content=\"Suite Lanka\" \/>\n<meta property=\"article:modified_time\" content=\"2024-12-09T04:17:28+00:00\" \/>\n<meta name=\"twitter:card\" content=\"summary_large_image\" \/>\n<script type=\"application\/ld+json\" class=\"yoast-schema-graph\">{\"@context\":\"https:\\\/\\\/schema.org\",\"@graph\":[{\"@type\":\"WebPage\",\"@id\":\"https:\\\/\\\/www.suitelanka.com\\\/de\\\/staging\\\/8568\\\/olins-restaurant\\\/\",\"url\":\"https:\\\/\\\/www.suitelanka.com\\\/de\\\/staging\\\/8568\\\/olins-restaurant\\\/\",\"name\":\"Olin's Restaurant - Suite Lanka\",\"isPartOf\":{\"@id\":\"https:\\\/\\\/www.suitelanka.com\\\/de\\\/staging\\\/8568\\\/#website\"},\"datePublished\":\"2019-03-01T03:53:48+00:00\",\"dateModified\":\"2024-12-09T04:17:28+00:00\",\"breadcrumb\":{\"@id\":\"https:\\\/\\\/www.suitelanka.com\\\/de\\\/staging\\\/8568\\\/olins-restaurant\\\/#breadcrumb\"},\"inLanguage\":\"de\",\"potentialAction\":[{\"@type\":\"ReadAction\",\"target\":[\"https:\\\/\\\/www.suitelanka.com\\\/de\\\/staging\\\/8568\\\/olins-restaurant\\\/\"]}]},{\"@type\":\"BreadcrumbList\",\"@id\":\"https:\\\/\\\/www.suitelanka.com\\\/de\\\/staging\\\/8568\\\/olins-restaurant\\\/#breadcrumb\",\"itemListElement\":[{\"@type\":\"ListItem\",\"position\":1,\"name\":\"Home\",\"item\":\"https:\\\/\\\/www.suitelanka.com\\\/de\\\/\"},{\"@type\":\"ListItem\",\"position\":2,\"name\":\"Olin&#8217;s Restaurant\"}]},{\"@type\":\"WebSite\",\"@id\":\"https:\\\/\\\/www.suitelanka.com\\\/de\\\/staging\\\/8568\\\/#website\",\"url\":\"https:\\\/\\\/www.suitelanka.com\\\/de\\\/staging\\\/8568\\\/\",\"name\":\"Suite Lanka\",\"description\":\"Hotel &amp; Restaurant\",\"potentialAction\":[{\"@type\":\"SearchAction\",\"target\":{\"@type\":\"EntryPoint\",\"urlTemplate\":\"https:\\\/\\\/www.suitelanka.com\\\/de\\\/staging\\\/8568\\\/?s={search_term_string}\"},\"query-input\":{\"@type\":\"PropertyValueSpecification\",\"valueRequired\":true,\"valueName\":\"search_term_string\"}}],\"inLanguage\":\"de\"}]}<\/script>\n<!-- \/ Yoast SEO plugin. -->","yoast_head_json":{"title":"Olin's Restaurant - Suite Lanka","robots":{"index":"index","follow":"follow","max-snippet":"max-snippet:-1","max-image-preview":"max-image-preview:large","max-video-preview":"max-video-preview:-1"},"canonical":"https:\/\/www.suitelanka.com\/de\/staging\/8568\/olins-restaurant\/","og_locale":"de_DE","og_type":"article","og_title":"Olin's Restaurant - Suite Lanka","og_description":"Olin\u2019s Restaurant Olin's ist unser kleines Feinschmeckerrestaurant am Meer in Suite Lanka. Essen und trinken Sie zum Klang der Wellen an einem ruhigen Abschnitt des Narigama Beach. Alternativ bieten wir auch Roshan's Pavilion Bar Caf\u00e9 an, das rund 1500 gro\u00dfartige &hellip; Weiterlesen","og_url":"https:\/\/www.suitelanka.com\/de\/staging\/8568\/olins-restaurant\/","og_site_name":"Suite Lanka","article_modified_time":"2024-12-09T04:17:28+00:00","twitter_card":"summary_large_image","schema":{"@context":"https:\/\/schema.org","@graph":[{"@type":"WebPage","@id":"https:\/\/www.suitelanka.com\/de\/staging\/8568\/olins-restaurant\/","url":"https:\/\/www.suitelanka.com\/de\/staging\/8568\/olins-restaurant\/","name":"Olin's Restaurant - Suite Lanka","isPartOf":{"@id":"https:\/\/www.suitelanka.com\/de\/staging\/8568\/#website"},"datePublished":"2019-03-01T03:53:48+00:00","dateModified":"2024-12-09T04:17:28+00:00","breadcrumb":{"@id":"https:\/\/www.suitelanka.com\/de\/staging\/8568\/olins-restaurant\/#breadcrumb"},"inLanguage":"de","potentialAction":[{"@type":"ReadAction","target":["https:\/\/www.suitelanka.com\/de\/staging\/8568\/olins-restaurant\/"]}]},{"@type":"BreadcrumbList","@id":"https:\/\/www.suitelanka.com\/de\/staging\/8568\/olins-restaurant\/#breadcrumb","itemListElement":[{"@type":"ListItem","position":1,"name":"Home","item":"https:\/\/www.suitelanka.com\/de\/"},{"@type":"ListItem","position":2,"name":"Olin&#8217;s Restaurant"}]},{"@type":"WebSite","@id":"https:\/\/www.suitelanka.com\/de\/staging\/8568\/#website","url":"https:\/\/www.suitelanka.com\/de\/staging\/8568\/","name":"Suite Lanka","description":"Hotel &amp; Restaurant","potentialAction":[{"@type":"SearchAction","target":{"@type":"EntryPoint","urlTemplate":"https:\/\/www.suitelanka.com\/de\/staging\/8568\/?s={search_term_string}"},"query-input":{"@type":"PropertyValueSpecification","valueRequired":true,"valueName":"search_term_string"}}],"inLanguage":"de"}]}},"jetpack_sharing_enabled":true,"_links":{"self":[{"href":"https:\/\/www.suitelanka.com\/de\/wp-json\/wp\/v2\/pages\/842","targetHints":{"allow":["GET"]}}],"collection":[{"href":"https:\/\/www.suitelanka.com\/de\/wp-json\/wp\/v2\/pages"}],"about":[{"href":"https:\/\/www.suitelanka.com\/de\/wp-json\/wp\/v2\/types\/page"}],"author":[{"embeddable":true,"href":"https:\/\/www.suitelanka.com\/de\/wp-json\/wp\/v2\/users\/1"}],"replies":[{"embeddable":true,"href":"https:\/\/www.suitelanka.com\/de\/wp-json\/wp\/v2\/comments?post=842"}],"version-history":[{"count":8,"href":"https:\/\/www.suitelanka.com\/de\/wp-json\/wp\/v2\/pages\/842\/revisions"}],"predecessor-version":[{"id":2364,"href":"https:\/\/www.suitelanka.com\/de\/wp-json\/wp\/v2\/pages\/842\/revisions\/2364"}],"wp:attachment":[{"href":"https:\/\/www.suitelanka.com\/de\/wp-json\/wp\/v2\/media?parent=842"}],"curies":[{"name":"wp","href":"https:\/\/api.w.org\/{rel}","templated":true}]}}