{"id":1761,"date":"2022-08-21T06:48:10","date_gmt":"2022-08-21T06:48:10","guid":{"rendered":"https:\/\/www.suitelanka.com\/de\/?page_id=1761"},"modified":"2024-05-05T07:34:03","modified_gmt":"2024-05-05T07:34:03","slug":"einrichtungen","status":"publish","type":"page","link":"https:\/\/www.suitelanka.com\/de\/einrichtungen\/","title":{"rendered":"Einrichtungen"},"content":{"rendered":"<div id=\"pl-1761\"  class=\"panel-layout\" ><div id=\"pg-1761-0\"  class=\"panel-grid panel-has-style\" ><div class=\"siteorigin-panels-stretch kt-panel-row-stretch panel-row-style panel-row-style-for-1761-0\" style=\"visibility: hidden;\" data-stretch-type=\"full\" ><div id=\"pgc-1761-0-0\"  class=\"panel-grid-cell\" ><div id=\"panel-1761-0-0-0\" class=\"so-panel widget widget_sow-editor panel-first-child panel-last-child\" data-index=\"0\" ><div\n\t\t\t\n\t\t\tclass=\"so-widget-sow-editor so-widget-sow-editor-base\"\n\t\t\t\n\t\t>\n<div class=\"siteorigin-widget-tinymce textwidget\">\n\t\n\t\t\t<!-- START Facilities Page REVOLUTION SLIDER 6.7.18 --><p class=\"rs-p-wp-fix\"><\/p>\n\t\t\t<rs-module-wrap id=\"rev_slider_4_2_wrapper\" data-source=\"gallery\" style=\"visibility:hidden;background:transparent;padding:0;margin:0px auto;margin-top:0;margin-bottom:0;\">\n\t\t\t\t<rs-module id=\"rev_slider_4_2\" style=\"\" data-version=\"6.7.18\">\n\t\t\t\t\t<rs-slides style=\"overflow: hidden; position: absolute;\">\n\t\t\t\t\t\t<rs-slide style=\"position: absolute;\" data-key=\"rs-13\" data-title=\"Slide\" data-anim=\"adpr:false;\">\n\t\t\t\t\t\t\t<img decoding=\"async\" data-recalc-dims=\"1\" src=\"https:\/\/i0.wp.com\/www.suitelanka.com\/de\/wp-content\/plugins\/revslider\/sr6\/assets\/assets\/dummy.png?w=1140\" alt=\"\" title=\"Einrichtungen\" class=\"rev-slidebg tp-rs-img rs-lazyload\" data-lazyload=\"\/\/i0.wp.com\/www.suitelanka.com\/de\/wp-content\/uploads\/2022\/08\/facilities-page-header-new.jpg?fit=1920%2C850&amp;ssl=1\" data-no-retina>\n<!---->\t\t\t\t\t<\/rs-slide>\n\t\t\t\t\t<\/rs-slides>\n\t\t\t\t<\/rs-module>\n\t\t\t\t<script>\n\t\t\t\t\tsetREVStartSize({c: 'rev_slider_4_2',rl:[1240,1024,778,480],el:[],gw:[1680],gh:[600],type:'standard',justify:'',layout:'fullwidth',mh:\"0\"});if (window.RS_MODULES!==undefined && window.RS_MODULES.modules!==undefined && window.RS_MODULES.modules[\"revslider42\"]!==undefined) {window.RS_MODULES.modules[\"revslider42\"].once = false;window.revapi4_2 = undefined;if (window.RS_MODULES.checkMinimal!==undefined) window.RS_MODULES.checkMinimal()}\n\t\t\t\t<\/script>\n\t\t\t<\/rs-module-wrap>\n\t\t\t<!-- END REVOLUTION SLIDER -->\n\n<\/div>\n<\/div><\/div><\/div><\/div><\/div><div id=\"pg-1761-1\"  class=\"panel-grid panel-has-style\" ><div class=\"siteorigin-panels-stretch kt-panel-row-stretch panel-widget-style panel-row-style panel-row-style-for-1761-1\" style=\"visibility: hidden;\" data-stretch-type=\"full\" ><div id=\"pgc-1761-1-0\"  class=\"panel-grid-cell\" ><div id=\"panel-1761-1-0-0\" class=\"so-panel widget widget_sow-editor panel-first-child\" data-index=\"1\" ><div class=\"panel-widget-style panel-widget-style-for-1761-1-0-0\" ><div\n\t\t\t\n\t\t\tclass=\"so-widget-sow-editor so-widget-sow-editor-base\"\n\t\t\t\n\t\t>\n<div class=\"siteorigin-widget-tinymce textwidget\">\n\t<p><!-- wp:paragraph --><\/p>\n<h2 style=\"text-align: center;color: #333;\">Suite Lanka Einrichtungen<\/h2>\n<p><!-- \/wp:paragraph --><\/p>\n<\/div>\n<\/div><\/div><\/div><div id=\"panel-1761-1-0-1\" class=\"so-panel widget widget_sow-editor panel-last-child\" data-index=\"2\" ><div class=\"panel-widget-style panel-widget-style-for-1761-1-0-1\" ><div\n\t\t\t\n\t\t\tclass=\"so-widget-sow-editor so-widget-sow-editor-base\"\n\t\t\t\n\t\t>\n<div class=\"siteorigin-widget-tinymce textwidget\">\n\t<div class=\"col-12\">\n<div class=\"row slick-initialized slick-slider\" style=\"margin-right: 0px;\">\n<div class=\"slick-list draggable\">\n<div class=\"slick-track\" style=\"width: auto;\">\n<div class=\"col-lg-4 col-md-6 col-sm-6 col-xs-12 slick-slide slick-cloned\" style=\"padding: 15px!important;\">\n<div class=\"col-12\" style=\"padding: 0;border: 1px solid #DCDCDC;border-radius: 8px;overflow: hidden;\">\n                  <img decoding=\"async\" data-recalc-dims=\"1\" src=\"https:\/\/i0.wp.com\/www.suitelanka.com\/de\/wp-content\/uploads\/2022\/08\/Olins-Beach-Restaurant.jpg?w=1140&#038;ssl=1\" alt=\"Olins Strandrestaurant\" style=\"width: -webkit-calc(100% + 2px);width: calc(100% + 2px);margin-left: -1px;\"\/><\/p>\n<div class=\"col-12\" style=\"padding: 27px;text-align: center;user-select: text;-webkit-user-select: text;\">\n<div style=\"min-height: 296px!important;\">\n<h5 style=\"margin-top: 0;letter-spacing: .08px;color: #0e93b0;font-weight: bold;\">Olins Strandrestaurant<\/h5>\n<div>\n<p style=\"letter-spacing: .07px!important;color: #495057!important;\">Genie\u00dfen Sie ein romantisches Essen an einem der ber\u00fchmtesten Str\u00e4nde Sri Lankas. Genie\u00dfen Sie goldene Sonnenunterg\u00e4nge und das sanfte Rauschen der Wellen. Unser gem\u00fctliches Strandrestaurant (rechtzeitig f\u00fcr Ende 2022 umgebaut) ist einfach im traditionellen Hikkaduwa-Stil erbaut und unsere Speisen und unser Service sind hoch angesehen. Vollst\u00e4ndig lizenziert. In Sto\u00dfzeiten wird dringend empfohlen, das Abendessen im Voraus zu buchen. Hier erfahren Sie <a href=\"https:\/\/www.suitelanka.com\/de\/olins-restaurant\/\" target=\"_blank\" rel=\"noopener\" style=\"color: #0e93b0!important;\">mehr<\/a>.<\/p>\n<\/p><\/div>\n<\/p><\/div>\n<\/p><\/div>\n<\/p><\/div>\n<\/p><\/div>\n<div class=\"col-lg-4 col-md-6 col-sm-6 col-xs-12 slick-slide slick-cloned\" style=\"padding: 15px!important;\">\n<div class=\"col-12\" style=\"padding: 0;border: 1px solid #DCDCDC;border-radius: 8px;overflow: hidden;\">\n                  <img decoding=\"async\" data-recalc-dims=\"1\" src=\"https:\/\/i0.wp.com\/www.suitelanka.com\/de\/wp-content\/uploads\/2022\/08\/Jazz-Cafe.jpg?w=1140&#038;ssl=1\" alt=\"Jazz Caf\u00e9\" style=\"width: -webkit-calc(100% + 2px);width: calc(100% + 2px);margin-left: -1px;\"\/><\/p>\n<div class=\"col-12\" style=\"padding: 27px;text-align: center;user-select: text;-webkit-user-select: text;\">\n<div style=\"min-height: 296px!important;\">\n<h5 style=\"margin-top: 0;letter-spacing: .08px;color: #0e93b0;font-weight: bold;\">Jazz Caf\u00e9<\/h5>\n<div>\n<p style=\"letter-spacing: .07px!important;color: #495057!important;\">Das informelle Pavillon-Caf\u00e9 der Suite Lanka ist auch f\u00fcr Nicht-Hotelg\u00e4ste ge\u00f6ffnet und bietet eine umfassende Auswahl an Snacks und Hauptgerichten sowie die M\u00f6glichkeit, etwas zu trinken und zu entspannen. Tags\u00fcber spielen wir eine vielseitige Auswahl an gro\u00dfartiger Musik, erh\u00f6hen das Tempo am fr\u00fchen Abend zur Happy Hour und drehen dann das Licht herunter f\u00fcr einen Abend mit melodischem Jazz, Blues und anderen entspannenden Favoriten. Etwas sanfter als die \u00fcblichen Hikkaduwa-Angebote.<\/p>\n<\/p><\/div>\n<\/p><\/div>\n<\/p><\/div>\n<\/p><\/div>\n<\/p><\/div>\n<div class=\"col-lg-4 col-md-6 col-sm-6 col-xs-12 slick-slide slick-cloned\" style=\"padding: 15px!important;\">\n<div class=\"col-12\" style=\"padding: 0;border: 1px solid #DCDCDC;border-radius: 8px;overflow: hidden;\">\n                  <img decoding=\"async\" data-recalc-dims=\"1\" src=\"https:\/\/i0.wp.com\/www.suitelanka.com\/de\/wp-content\/uploads\/2022\/08\/Courtyard-Pool.jpg?w=1140&#038;ssl=1\" alt=\"Innenhof-Pool\" style=\"width: -webkit-calc(100% + 2px);width: calc(100% + 2px);margin-left: -1px;\"\/><\/p>\n<div class=\"col-12\" style=\"padding: 27px;text-align: center;user-select: text;-webkit-user-select: text;\">\n<div style=\"min-height: 296px!important;\">\n<h5 style=\"margin-top: 0;letter-spacing: .08px;color: #0e93b0;font-weight: bold;\">Innenhof-Pool<\/h5>\n<div>\n<p style=\"letter-spacing: .07px!important;color: #495057!important;\">Wir lieben die sch\u00f6nen Reflexionen in unserem Courtyard Pool. Unser begr\u00fcnter Innenhof erinnert an die Kolonialstilgeb\u00e4ude in Galle Fort, jedoch mit einem gro\u00dfartigen Strand, der nur wenige Meter entfernt ist. Und der Pool hat genug Schatten, um den ganzen Tag \u00fcber eine perfekte Temperatur zu haben, genau das, was Sie nach einem Tag in der Sonne brauchen.<\/p>\n<\/p><\/div>\n<\/p><\/div>\n<\/p><\/div>\n<\/p><\/div>\n<\/p><\/div>\n<div class=\"col-lg-4 col-md-6 col-sm-6 col-xs-12 slick-slide slick-cloned\" style=\"padding: 15px!important;\">\n<div class=\"col-12\" style=\"padding: 0;border: 1px solid #DCDCDC;border-radius: 8px;overflow: hidden;\">\n                  <img decoding=\"async\" data-recalc-dims=\"1\" src=\"https:\/\/i0.wp.com\/www.suitelanka.com\/de\/wp-content\/uploads\/2023\/03\/Bar-img.jpg?w=1140&#038;ssl=1\" alt=\"Roshan\u2019s Bar\" style=\"width: -webkit-calc(100% + 2px);width: calc(100% + 2px);margin-left: -1px;\"\/><\/p>\n<div class=\"col-12\" style=\"padding: 27px;text-align: center;user-select: text;-webkit-user-select: text;\">\n<div style=\"min-height: 296px!important;\">\n<h5 style=\"margin-top: 0;letter-spacing: .08px;color: #0e93b0;font-weight: bold;\">Roshan\u2019s Bar<\/h5>\n<div>\n<p style=\"letter-spacing: .07px!important;color: #495057!important;\">Am liebsten genie\u00dfen wir die Zeiten in Roshan\u2019s Bar, wenn sie zum Mittelpunkt geselliger Gespr\u00e4che wird. Roshan ist einer der bekanntesten Barkeeper an der K\u00fcste von Galle und serviert eine Reihe legend\u00e4rer Cocktails sowie eine gute Auswahl an Bieren, Weinen, Spirituosen und hei\u00dfen und kalten Erfrischungsgetr\u00e4nken. Besuchen Sie unsere Happy Hour (verl\u00e4ngert zwischen 17:30 und 19:00 Uhr), wenn wir die Musik ein wenig aufdrehen, um den Abend stilvoll zu beginnen.<\/p>\n<\/p><\/div>\n<\/p><\/div>\n<\/p><\/div>\n<\/p><\/div>\n<\/p><\/div>\n<div class=\"col-lg-4 col-md-6 col-sm-6 col-xs-12 slick-slide slick-cloned\" style=\"padding: 15px!important;\">\n<div class=\"col-12\" style=\"padding: 0;border: 1px solid #DCDCDC;border-radius: 8px;overflow: hidden;\">\n                  <img decoding=\"async\" data-recalc-dims=\"1\" src=\"https:\/\/i0.wp.com\/www.suitelanka.com\/de\/wp-content\/uploads\/2022\/08\/Library-and-Games-Room.jpg?w=1140&#038;ssl=1\" alt=\"Bibliothek und Spielzimmer\" style=\"width: -webkit-calc(100% + 2px);width: calc(100% + 2px);margin-left: -1px;\"\/><\/p>\n<div class=\"col-12\" style=\"padding: 27px;text-align: center;user-select: text;-webkit-user-select: text;\">\n<div style=\"min-height: 296px!important;\">\n<h5 style=\"margin-top: 0;letter-spacing: .08px;color: #0e93b0;font-weight: bold;\">Bibliothek und Spielzimmer<\/h5>\n<div>\n<p style=\"letter-spacing: .07px!important;color: #495057!important;\">Unsere wachsende B\u00fcchersammlung wird teilweise von unseren G\u00e4sten beeinflusst, die uns in den letzten Jahren einige wunderbare B\u00fccher in mehreren Sprachen hinterlassen haben. Wir erm\u00f6glichen auch einen B\u00fcchertausch f\u00fcr alle au\u00dfer unseren wertvollsten B\u00fcchern, sodass Sie beim Auschecken keinen halbfertigen Roman zur\u00fccklassen m\u00fcssen. Versteckt im Schrank unten haben wir auch eine Sammlung von Brettspielen sowie Schach, Backgammon und Carrom. Erinnert sich noch jemand an Balderdash?<\/p>\n<\/p><\/div>\n<\/p><\/div>\n<\/p><\/div>\n<\/p><\/div>\n<\/p><\/div>\n<div class=\"col-lg-4 col-md-6 col-sm-6 col-xs-12 slick-slide slick-cloned\" style=\"padding: 15px!important;\">\n<div class=\"col-12\" style=\"padding: 0;border: 1px solid #DCDCDC;border-radius: 8px;overflow: hidden;\">\n                  <img decoding=\"async\" data-recalc-dims=\"1\" src=\"https:\/\/i0.wp.com\/www.suitelanka.com\/de\/wp-content\/uploads\/2022\/08\/TV-Sports-Lounge.jpg?w=1140&#038;ssl=1\" alt=\"TV-Sportlounge\" style=\"width: -webkit-calc(100% + 2px);width: calc(100% + 2px);margin-left: -1px;\"\/><\/p>\n<div class=\"col-12\" style=\"padding: 27px;text-align: center;user-select: text;-webkit-user-select: text;\">\n<div style=\"min-height: 296px!important;\">\n<h5 style=\"margin-top: 0;letter-spacing: .08px;color: #0e93b0;font-weight: bold;\">TV-Sportlounge<\/h5>\n<div>\n<p style=\"letter-spacing: .07px!important;color: #495057!important;\">M\u00f6chten Sie sich ein gro\u00dfes Fu\u00dfballspiel der Premier League ansehen oder den neuesten Cricket- oder Rugby-Nationalspieler verfolgen, m\u00f6chten dies aber lieber in einer kleinen und komfortablen Umgebung tun? Wir haben alle Sportkan\u00e4le, die Sri Lanka zu bieten hat. OK, unsere Kapazit\u00e4t betr\u00e4gt zur Not nur 6 \u2013 9 \u2013 aber wir haben einige denkw\u00fcrdige Ereignisse gesehen. Vielleicht k\u00f6nnen Sie sogar einen unserer Stewards dazu \u00fcberreden, bis in die fr\u00fchen Morgenstunden zu arbeiten, um die Getr\u00e4nke im Fluss zu halten.<\/p>\n<\/p><\/div>\n<\/p><\/div>\n<\/p><\/div>\n<\/p><\/div>\n<\/p><\/div>\n<\/p><\/div>\n<\/p><\/div>\n<\/p><\/div>\n<\/div>\n<\/div>\n<\/div><\/div><\/div><\/div><\/div><\/div><div id=\"pg-1761-2\"  class=\"panel-grid panel-has-style\" ><div class=\"siteorigin-panels-stretch kt-panel-row-stretch panel-widget-style panel-row-style panel-row-style-for-1761-2\" style=\"visibility: hidden;\" data-stretch-type=\"full\" ><div id=\"pgc-1761-2-0\"  class=\"panel-grid-cell\" ><div id=\"panel-1761-2-0-0\" class=\"so-panel widget widget_sow-editor panel-first-child\" data-index=\"3\" ><div class=\"panel-widget-style panel-widget-style-for-1761-2-0-0\" ><div\n\t\t\t\n\t\t\tclass=\"so-widget-sow-editor so-widget-sow-editor-base\"\n\t\t\t\n\t\t>\n<div class=\"siteorigin-widget-tinymce textwidget\">\n\t<p><!-- wp:paragraph --><\/p>\n<h2 style=\"text-align: center;color: #333;\">Offsite-Partners<\/h2>\n<p><!-- \/wp:paragraph --><\/p>\n<\/div>\n<\/div><\/div><\/div><div id=\"panel-1761-2-0-1\" class=\"so-panel widget widget_sow-editor panel-last-child\" data-index=\"4\" ><div class=\"panel-widget-style panel-widget-style-for-1761-2-0-1\" ><div\n\t\t\t\n\t\t\tclass=\"so-widget-sow-editor so-widget-sow-editor-base\"\n\t\t\t\n\t\t>\n<div class=\"siteorigin-widget-tinymce textwidget\">\n\t<div class=\"col-12\">\n<div class=\"row slick-initialized slick-slider\" style=\"margin-right: 0px;\">\n<div class=\"slick-list draggable\">\n<div class=\"slick-track\" style=\"width: auto;\">\n<div class=\"col-lg-4 col-md-6 col-sm-6 col-xs-12 slick-slide slick-cloned\" style=\"padding: 15px!important;\">\n<div class=\"col-12\" style=\"padding: 0; border: 1px solid #DCDCDC; border-radius: 8px; overflow: hidden;\"><img decoding=\"async\" data-recalc-dims=\"1\" style=\"width: calc(100% + 2px); margin-left: -1px;\" src=\"https:\/\/i0.wp.com\/www.suitelanka.com\/de\/wp-content\/uploads\/2022\/08\/Yoga-and-Ayurveda.jpg?w=1140&#038;ssl=1\" alt=\"Yoga und Ayurveda\" \/><\/p>\n<div class=\"col-12\" style=\"padding: 27px;text-align: center;user-select: text;-webkit-user-select: text;\">\n<div style=\"min-height: 235px!important;\">\n<h5 style=\"margin-top: 0; letter-spacing: .08px; color: #0e93b0; font-weight: bold;\">Yoga und Ayurveda<\/h5>\n<div>\n<p style=\"letter-spacing: .07px!important; color: #495057!important;\">Suite Lanka hat sich mit einem Yoga- und Ayurveda-Spezialisten in Hikkaduwa<br \/>\n      zusammengetan, um Yoga oder Ayurveda-Massagen in einer ruhigen Umgebung anzubieten. Das Resort ist kaum 5 Minuten mit dem Tuk-Tuk entfernt. Erfahrene Hatha-Yoga-Lehrer und Wellness-Masseure.<\/p>\n<\/p><\/div>\n<\/p><\/div>\n<\/p><\/div>\n<\/p><\/div>\n<\/p><\/div>\n<div class=\"col-lg-4 col-md-6 col-sm-6 col-xs-12 slick-slide slick-cloned\" style=\"padding: 15px!important;\">\n<div class=\"col-12\" style=\"padding: 0; border: 1px solid #DCDCDC; border-radius: 8px; overflow: hidden;\"><img decoding=\"async\" data-recalc-dims=\"1\" style=\"width: calc(100% + 2px); margin-left: -1px;\" src=\"https:\/\/i0.wp.com\/www.suitelanka.com\/de\/wp-content\/uploads\/2022\/08\/Canoeing-and-Rowing.jpg?w=1140&#038;ssl=1\" alt=\"Kanufahren und Rudern\" \/><\/p>\n<div class=\"col-12\" style=\"padding: 27px;text-align: center;user-select: text;-webkit-user-select: text;\">\n<div style=\"min-height: 235px!important;\">\n<h5 style=\"margin-top: 0; letter-spacing: .08px; color: #0e93b0; font-weight: bold;\">Kanufahren und Rudern<\/h5>\n<div>\n<p style=\"letter-spacing: .07px!important; color: #495057!important;\">Suite Lanka arbeitet mit einem einfachen, aber attraktiven Resort mit herrlichem Blick \u00fcber den Hikkaduwa-See zusammen, um ein ruhiges Erlebnis voller Vogelwelt zu bieten. Der See ist in den meisten Teilen flach, mit Handyempfang, und das Resort stellt Schwimmwesten zur Verf\u00fcgung. Das Resort ist eine 10-min\u00fctige Tuk-Tuk-Fahrt entfernt.<\/p>\n<\/p><\/div>\n<\/p><\/div>\n<\/p><\/div>\n<\/p><\/div>\n<\/p><\/div>\n<\/p><\/div>\n<\/p><\/div>\n<\/p><\/div>\n<\/p><\/div>\n<\/div>\n<\/div><\/div><\/div><\/div><\/div><\/div><\/div>","protected":false},"excerpt":{"rendered":"<p>Suite Lanka Einrichtungen Olins Strandrestaurant Genie\u00dfen Sie ein romantisches Essen an einem der ber\u00fchmtesten Str\u00e4nde Sri Lankas. Genie\u00dfen Sie goldene Sonnenunterg\u00e4nge und das sanfte Rauschen der Wellen. Unser gem\u00fctliches Strandrestaurant (rechtzeitig f\u00fcr Ende 2022 umgebaut) ist einfach im traditionellen Hikkaduwa-Stil &hellip; <a class=\"kt-excerpt-readmore\" href=\"https:\/\/www.suitelanka.com\/de\/einrichtungen\/\" aria-label=\"Einrichtungen\">Weiterlesen<\/a><\/p>\n","protected":false},"author":3,"featured_media":0,"parent":0,"menu_order":0,"comment_status":"closed","ping_status":"closed","template":"..\/public\/views\/revslider-page-template.php","meta":{"nf_dc_page":"","footnotes":""},"class_list":["post-1761","page","type-page","status-publish","hentry"],"yoast_head":"<!-- This site is optimized with the Yoast SEO plugin v27.4 - https:\/\/yoast.com\/product\/yoast-seo-wordpress\/ -->\n<title>Einrichtungen - Suite Lanka<\/title>\n<meta name=\"robots\" content=\"index, follow, max-snippet:-1, max-image-preview:large, max-video-preview:-1\" \/>\n<link rel=\"canonical\" href=\"https:\/\/www.suitelanka.com\/de\/staging\/8568\/einrichtungen\/\" \/>\n<meta property=\"og:locale\" content=\"de_DE\" \/>\n<meta property=\"og:type\" content=\"article\" \/>\n<meta property=\"og:title\" content=\"Einrichtungen - Suite Lanka\" \/>\n<meta property=\"og:description\" content=\"Suite Lanka Einrichtungen Olins Strandrestaurant Genie\u00dfen Sie ein romantisches Essen an einem der ber\u00fchmtesten Str\u00e4nde Sri Lankas. Genie\u00dfen Sie goldene Sonnenunterg\u00e4nge und das sanfte Rauschen der Wellen. Unser gem\u00fctliches Strandrestaurant (rechtzeitig f\u00fcr Ende 2022 umgebaut) ist einfach im traditionellen Hikkaduwa-Stil &hellip; Weiterlesen\" \/>\n<meta property=\"og:url\" content=\"https:\/\/www.suitelanka.com\/de\/staging\/8568\/einrichtungen\/\" \/>\n<meta property=\"og:site_name\" content=\"Suite Lanka\" \/>\n<meta property=\"article:modified_time\" content=\"2024-05-05T07:34:03+00:00\" \/>\n<meta property=\"og:image\" content=\"https:\/\/i0.wp.com\/www.suitelanka.com\/de\/staging\/8568\/wp-content\/uploads\/2022\/08\/facilities-page-header-new.jpg?resize=1140%2C505&#038;ssl=1\" \/>\n<meta name=\"twitter:card\" content=\"summary_large_image\" \/>\n<script type=\"application\/ld+json\" class=\"yoast-schema-graph\">{\"@context\":\"https:\\\/\\\/schema.org\",\"@graph\":[{\"@type\":\"WebPage\",\"@id\":\"https:\\\/\\\/www.suitelanka.com\\\/de\\\/staging\\\/8568\\\/einrichtungen\\\/\",\"url\":\"https:\\\/\\\/www.suitelanka.com\\\/de\\\/staging\\\/8568\\\/einrichtungen\\\/\",\"name\":\"Einrichtungen - Suite Lanka\",\"isPartOf\":{\"@id\":\"https:\\\/\\\/www.suitelanka.com\\\/de\\\/staging\\\/8568\\\/#website\"},\"primaryImageOfPage\":{\"@id\":\"https:\\\/\\\/www.suitelanka.com\\\/de\\\/staging\\\/8568\\\/einrichtungen\\\/#primaryimage\"},\"image\":{\"@id\":\"https:\\\/\\\/www.suitelanka.com\\\/de\\\/staging\\\/8568\\\/einrichtungen\\\/#primaryimage\"},\"thumbnailUrl\":\"https:\\\/\\\/i0.wp.com\\\/www.suitelanka.com\\\/de\\\/staging\\\/8568\\\/wp-content\\\/uploads\\\/2022\\\/08\\\/facilities-page-header-new.jpg?resize=1140%2C505&#038;ssl=1\",\"datePublished\":\"2022-08-21T06:48:10+00:00\",\"dateModified\":\"2024-05-05T07:34:03+00:00\",\"breadcrumb\":{\"@id\":\"https:\\\/\\\/www.suitelanka.com\\\/de\\\/staging\\\/8568\\\/einrichtungen\\\/#breadcrumb\"},\"inLanguage\":\"de\",\"potentialAction\":[{\"@type\":\"ReadAction\",\"target\":[\"https:\\\/\\\/www.suitelanka.com\\\/de\\\/staging\\\/8568\\\/einrichtungen\\\/\"]}]},{\"@type\":\"ImageObject\",\"inLanguage\":\"de\",\"@id\":\"https:\\\/\\\/www.suitelanka.com\\\/de\\\/staging\\\/8568\\\/einrichtungen\\\/#primaryimage\",\"url\":\"https:\\\/\\\/i0.wp.com\\\/www.suitelanka.com\\\/de\\\/staging\\\/8568\\\/wp-content\\\/uploads\\\/2022\\\/08\\\/facilities-page-header-new.jpg?resize=1140%2C505&#038;ssl=1\",\"contentUrl\":\"https:\\\/\\\/i0.wp.com\\\/www.suitelanka.com\\\/de\\\/staging\\\/8568\\\/wp-content\\\/uploads\\\/2022\\\/08\\\/facilities-page-header-new.jpg?resize=1140%2C505&#038;ssl=1\"},{\"@type\":\"BreadcrumbList\",\"@id\":\"https:\\\/\\\/www.suitelanka.com\\\/de\\\/staging\\\/8568\\\/einrichtungen\\\/#breadcrumb\",\"itemListElement\":[{\"@type\":\"ListItem\",\"position\":1,\"name\":\"Home\",\"item\":\"https:\\\/\\\/www.suitelanka.com\\\/de\\\/\"},{\"@type\":\"ListItem\",\"position\":2,\"name\":\"Einrichtungen\"}]},{\"@type\":\"WebSite\",\"@id\":\"https:\\\/\\\/www.suitelanka.com\\\/de\\\/staging\\\/8568\\\/#website\",\"url\":\"https:\\\/\\\/www.suitelanka.com\\\/de\\\/staging\\\/8568\\\/\",\"name\":\"Suite Lanka\",\"description\":\"Hotel &amp; Restaurant\",\"potentialAction\":[{\"@type\":\"SearchAction\",\"target\":{\"@type\":\"EntryPoint\",\"urlTemplate\":\"https:\\\/\\\/www.suitelanka.com\\\/de\\\/staging\\\/8568\\\/?s={search_term_string}\"},\"query-input\":{\"@type\":\"PropertyValueSpecification\",\"valueRequired\":true,\"valueName\":\"search_term_string\"}}],\"inLanguage\":\"de\"}]}<\/script>\n<!-- \/ Yoast SEO plugin. -->","yoast_head_json":{"title":"Einrichtungen - Suite Lanka","robots":{"index":"index","follow":"follow","max-snippet":"max-snippet:-1","max-image-preview":"max-image-preview:large","max-video-preview":"max-video-preview:-1"},"canonical":"https:\/\/www.suitelanka.com\/de\/staging\/8568\/einrichtungen\/","og_locale":"de_DE","og_type":"article","og_title":"Einrichtungen - Suite Lanka","og_description":"Suite Lanka Einrichtungen Olins Strandrestaurant Genie\u00dfen Sie ein romantisches Essen an einem der ber\u00fchmtesten Str\u00e4nde Sri Lankas. Genie\u00dfen Sie goldene Sonnenunterg\u00e4nge und das sanfte Rauschen der Wellen. Unser gem\u00fctliches Strandrestaurant (rechtzeitig f\u00fcr Ende 2022 umgebaut) ist einfach im traditionellen Hikkaduwa-Stil &hellip; Weiterlesen","og_url":"https:\/\/www.suitelanka.com\/de\/staging\/8568\/einrichtungen\/","og_site_name":"Suite Lanka","article_modified_time":"2024-05-05T07:34:03+00:00","og_image":[{"url":"https:\/\/i0.wp.com\/www.suitelanka.com\/de\/staging\/8568\/wp-content\/uploads\/2022\/08\/facilities-page-header-new.jpg?resize=1140%2C505&#038;ssl=1","type":"","width":"","height":""}],"twitter_card":"summary_large_image","schema":{"@context":"https:\/\/schema.org","@graph":[{"@type":"WebPage","@id":"https:\/\/www.suitelanka.com\/de\/staging\/8568\/einrichtungen\/","url":"https:\/\/www.suitelanka.com\/de\/staging\/8568\/einrichtungen\/","name":"Einrichtungen - Suite Lanka","isPartOf":{"@id":"https:\/\/www.suitelanka.com\/de\/staging\/8568\/#website"},"primaryImageOfPage":{"@id":"https:\/\/www.suitelanka.com\/de\/staging\/8568\/einrichtungen\/#primaryimage"},"image":{"@id":"https:\/\/www.suitelanka.com\/de\/staging\/8568\/einrichtungen\/#primaryimage"},"thumbnailUrl":"https:\/\/i0.wp.com\/www.suitelanka.com\/de\/staging\/8568\/wp-content\/uploads\/2022\/08\/facilities-page-header-new.jpg?resize=1140%2C505&#038;ssl=1","datePublished":"2022-08-21T06:48:10+00:00","dateModified":"2024-05-05T07:34:03+00:00","breadcrumb":{"@id":"https:\/\/www.suitelanka.com\/de\/staging\/8568\/einrichtungen\/#breadcrumb"},"inLanguage":"de","potentialAction":[{"@type":"ReadAction","target":["https:\/\/www.suitelanka.com\/de\/staging\/8568\/einrichtungen\/"]}]},{"@type":"ImageObject","inLanguage":"de","@id":"https:\/\/www.suitelanka.com\/de\/staging\/8568\/einrichtungen\/#primaryimage","url":"https:\/\/i0.wp.com\/www.suitelanka.com\/de\/staging\/8568\/wp-content\/uploads\/2022\/08\/facilities-page-header-new.jpg?resize=1140%2C505&#038;ssl=1","contentUrl":"https:\/\/i0.wp.com\/www.suitelanka.com\/de\/staging\/8568\/wp-content\/uploads\/2022\/08\/facilities-page-header-new.jpg?resize=1140%2C505&#038;ssl=1"},{"@type":"BreadcrumbList","@id":"https:\/\/www.suitelanka.com\/de\/staging\/8568\/einrichtungen\/#breadcrumb","itemListElement":[{"@type":"ListItem","position":1,"name":"Home","item":"https:\/\/www.suitelanka.com\/de\/"},{"@type":"ListItem","position":2,"name":"Einrichtungen"}]},{"@type":"WebSite","@id":"https:\/\/www.suitelanka.com\/de\/staging\/8568\/#website","url":"https:\/\/www.suitelanka.com\/de\/staging\/8568\/","name":"Suite Lanka","description":"Hotel &amp; Restaurant","potentialAction":[{"@type":"SearchAction","target":{"@type":"EntryPoint","urlTemplate":"https:\/\/www.suitelanka.com\/de\/staging\/8568\/?s={search_term_string}"},"query-input":{"@type":"PropertyValueSpecification","valueRequired":true,"valueName":"search_term_string"}}],"inLanguage":"de"}]}},"jetpack_sharing_enabled":true,"_links":{"self":[{"href":"https:\/\/www.suitelanka.com\/de\/wp-json\/wp\/v2\/pages\/1761","targetHints":{"allow":["GET"]}}],"collection":[{"href":"https:\/\/www.suitelanka.com\/de\/wp-json\/wp\/v2\/pages"}],"about":[{"href":"https:\/\/www.suitelanka.com\/de\/wp-json\/wp\/v2\/types\/page"}],"author":[{"embeddable":true,"href":"https:\/\/www.suitelanka.com\/de\/wp-json\/wp\/v2\/users\/3"}],"replies":[{"embeddable":true,"href":"https:\/\/www.suitelanka.com\/de\/wp-json\/wp\/v2\/comments?post=1761"}],"version-history":[{"count":6,"href":"https:\/\/www.suitelanka.com\/de\/wp-json\/wp\/v2\/pages\/1761\/revisions"}],"predecessor-version":[{"id":2272,"href":"https:\/\/www.suitelanka.com\/de\/wp-json\/wp\/v2\/pages\/1761\/revisions\/2272"}],"wp:attachment":[{"href":"https:\/\/www.suitelanka.com\/de\/wp-json\/wp\/v2\/media?parent=1761"}],"curies":[{"name":"wp","href":"https:\/\/api.w.org\/{rel}","templated":true}]}}